{"id":1284,"date":"2019-04-24T14:34:35","date_gmt":"2019-04-24T12:34:35","guid":{"rendered":"https:\/\/www.rehatechnology.com\/new?page_id=1284"},"modified":"2025-10-06T12:12:17","modified_gmt":"2025-10-06T10:12:17","slug":"home","status":"publish","type":"page","link":"https:\/\/www.rehatechnology.com\/de\/","title":{"rendered":"Home"},"content":{"rendered":"<div>\n<p>    <img decoding=\"async\" src=\"\/wp-content\/uploads\/Compo_GEOS_008_190606a_web-1.jpg\" alt=\"\"><\/p>\n<h3>Compo_GEOS_008_190606a_web<\/h3>\n<\/div>\n<h2>Willkommen bei Reha Technology<\/h2>\n<ul>\n<li>\n<p>        <img decoding=\"async\" src=\"\/wp-content\/uploads\/190417a_Brochure_g-eos_En.jpg\" alt=\"G-EOS\"><\/p>\n<h3>G-EO<em><small>S<\/small><\/em><\/h3>\n<p><a href=\"\/en\/g-eos\/\">Details<\/a><\/p>\n<\/li>\n<li>\n<p>        <img decoding=\"async\" src=\"\/wp-content\/uploads\/rehatechnology_g-eol_hero.jpg\" alt=\"G-EOL\"><\/p>\n<h3>G-EO<em><small>L<\/small><\/em><\/h3>\n<\/li>\n<li>\n<p>        <img decoding=\"async\" src=\"\/wp-content\/uploads\/G-EO-System-adult-2.jpg\" alt=\"G-EO System\"><\/p>\n<h3>G-EO System<\/h3>\n<p><a href=\"\/en\/g-eo-system\/\">Details<\/a><\/p>\n<\/li>\n<\/ul>\n<h2>Willkommen bei Reha Technology<\/h2>\n<h1>Reha Technology \u2013 <br \/>Leidenschaft in der robotergest\u00fctzten Gangtherapie<\/h1>\n<div>Reha Technology ist ein f\u00fchrendes Unternehmen in modernen medizinischen robotergest\u00fctzten Technologien f\u00fcr die Rehabilitation von neurologischen Bewegungsst\u00f6rungen der oberen und unteren Extremit\u00e4ten.<\/div>\n<div>Die robotergest\u00fctzten Therapiesysteme von Reha Technology maximieren die funktionellen klinischen Erfolge bei erwachsenen und p\u00e4diatrischen Patienten mit neurologischen Beeintr\u00e4chtigungen infolge von Schlaganfall, Sch\u00e4del-Hirn-Traumata, R\u00fcckenmarksverletzungen, infantiler Zerebralparese (ICP), Morbus Parkinson und anderen neurologisch bedingten Bewegungsst\u00f6rungen.<\/div>\n<h1>Unser Produktportfolio auf einen Blick.<\/h1>\n<p><a href=\"\/de\/g-eos\/\"><img decoding=\"async\" src=\"\/wp-content\/uploads\/190417a_Brochure_g-eos_En.jpg\" alt=\"G-EOS\"><\/a><\/p>\n<h2><a href=\"\/de\/g-eos\/\"><strong>G-EO<small><em><span style=\"color: #233a64;\">S<\/span><\/em><\/small><\/strong><\/a><\/h2>\n<div>\n<p>Das Top-Modell mit 6 verschiedenen Gangaktivit\u00e4ten zur alltagsorientierten und leistungsbezogenen Therapie.<\/p>\n<\/div>\n<p>\n    <a href=\"\/de\/g-eos\/\">Details<\/a>\n<\/p>\n<p><a href=\"\/de\/g-eol\/\"><img decoding=\"async\" src=\"\/wp-content\/uploads\/rehatechnology_g-eol_hero.jpg\" alt=\"G-EOL\"><\/a><\/p>\n<h2><a href=\"\/de\/g-eol\/\"><strong>G-EO<small><em><span style=\"color: #233a64;\">L<\/span><\/em><\/small><\/strong><\/a><\/h2>\n<div>Das Einstiegsmodell zur nachaltigen End-Effektor-basierten Gangtherapie.<\/div>\n<p>\n    <a href=\"\/de\/g-eol\/\">Details<\/a>\n<\/p>\n<p><!--more--><br \/>\n<!-- {\"type\":\"layout\",\"children\":[{\"type\":\"section\",\"props\":{\"animation\":\"fade\",\"class\":\"uk-visible@s\",\"header_transparent_noplaceholder\":true,\"height\":\"full\",\"image_position\":\"center-center\",\"padding\":\"none\",\"padding_remove_top\":false,\"style\":\"default\",\"title_breakpoint\":\"xl\",\"title_position\":\"top-left\",\"title_rotation\":\"left\",\"vertical_align\":\"\",\"width\":\"\"},\"children\":[{\"type\":\"row\",\"props\":{\"column_gap\":\"collapse\",\"layout\":\"expand,large\",\"margin\":\"remove-vertical\",\"row_gap\":\"collapse\"},\"children\":[{\"type\":\"column\",\"props\":{\"image_height\":\"800\",\"image_position\":\"center-center\",\"image_size\":\"cover\",\"padding\":\"none\",\"position_sticky_breakpoint\":\"m\",\"width_medium\":\"expand\"},\"children\":[{\"type\":\"slideshow\",\"props\":{\"link_margin\":\"small\",\"link_style\":\"text\",\"link_text\":\"Details\",\"margin\":\"default\",\"meta_align\":\"below-title\",\"meta_element\":\"div\",\"meta_style\":\"text-meta\",\"nav\":\"dotnav\",\"nav_align\":\"center\",\"nav_below\":false,\"nav_breakpoint\":\"s\",\"nav_position\":\"bottom-right\",\"nav_position_margin\":\"medium\",\"nav_vertical\":false,\"overlay_animation\":\"fade\",\"overlay_container\":\"large\",\"overlay_padding\":\"small\",\"overlay_position\":\"bottom-left\",\"overlay_style\":\"overlay-primary\",\"overlay_width\":\"large\",\"show_content\":false,\"show_link\":false,\"show_meta\":false,\"show_thumbnail\":false,\"show_title\":false,\"slidenav\":\"default\",\"slidenav_breakpoint\":\"s\",\"slidenav_hover\":true,\"slidenav_margin\":\"\",\"slidenav_outside_breakpoint\":\"xl\",\"slideshow_animation\":\"fade\",\"slideshow_autoplay\":true,\"slideshow_autoplay_interval\":\"5\",\"slideshow_autoplay_pause\":true,\"slideshow_height\":\"percent\",\"slideshow_kenburns\":\"center-center\",\"slideshow_kenburns_duration\":\"1\",\"slideshow_min_height\":\"200\",\"thumbnav_height\":\"75\",\"thumbnav_svg_color\":\"emphasis\",\"thumbnav_width\":\"100\",\"title_element\":\"h3\"},\"children\":[{\"type\":\"slideshow_item\",\"props\":{\"image\":\"wp-content\\\/uploads\\\/Compo_GEOS_008_190606a_web-1.jpg\",\"title\":\"Compo_GEOS_008_190606a_web\"}}]}]},{\"type\":\"column\",\"props\":{\"image_position\":\"center-center\",\"position_sticky_breakpoint\":\"m\",\"style\":\"tile-primary\",\"width_medium\":\"small\"}}]},{\"type\":\"row\",\"props\":{\"column_gap\":\"collapse\",\"layout\":\"expand,large\",\"margin\":\"remove-vertical\",\"row_gap\":\"collapse\"},\"children\":[{\"type\":\"column\",\"props\":{\"image_position\":\"center-center\",\"image_size\":\"cover\",\"padding\":\"small\",\"position_sticky_breakpoint\":\"m\",\"style\":\"tile-primary\",\"width_medium\":\"expand\"},\"children\":[{\"type\":\"headline\",\"props\":{\"content\":\"Willkommen bei Reha Technology\",\"margin_remove_top\":false,\"title_element\":\"h2\",\"title_style\":\"h3\"}}]},{\"type\":\"column\",\"props\":{\"image_position\":\"center-center\",\"position_sticky_breakpoint\":\"m\",\"vertical_align\":\"middle\",\"width_medium\":\"small\"}}]}]},{\"name\":\"Hero Mobile\",\"type\":\"section\",\"props\":{\"animation\":\"fade\",\"class\":\"uk-hidden@s\\t\",\"header_transparent_noplaceholder\":true,\"height\":\"full\",\"image_position\":\"center-center\",\"padding\":\"none\",\"padding_remove_top\":false,\"style\":\"default\",\"title_breakpoint\":\"xl\",\"title_position\":\"top-left\",\"title_rotation\":\"left\",\"vertical_align\":\"\",\"width\":\"\"},\"children\":[{\"type\":\"row\",\"props\":{\"column_gap\":\"collapse\",\"height\":\"percent\",\"margin\":\"remove-vertical\",\"row_gap\":\"collapse\"},\"children\":[{\"type\":\"column\",\"props\":{\"image_height\":\"800\",\"image_position\":\"center-center\",\"image_size\":\"cover\",\"padding\":\"none\",\"position_sticky_breakpoint\":\"m\",\"width_medium\":\"1-1\"},\"children\":[{\"type\":\"slideshow\",\"props\":{\"link_margin\":\"small\",\"link_style\":\"text\",\"link_text\":\"Details\",\"margin\":\"default\",\"meta_align\":\"below-title\",\"meta_element\":\"div\",\"meta_style\":\"text-meta\",\"nav\":\"dotnav\",\"nav_align\":\"center\",\"nav_below\":false,\"nav_breakpoint\":\"s\",\"nav_position\":\"bottom-right\",\"nav_position_margin\":\"medium\",\"nav_vertical\":false,\"overlay_animation\":\"fade\",\"overlay_container\":\"large\",\"overlay_padding\":\"small\",\"overlay_position\":\"bottom-left\",\"overlay_style\":\"overlay-primary\",\"overlay_width\":\"large\",\"show_content\":false,\"show_link\":false,\"show_meta\":false,\"show_thumbnail\":false,\"show_title\":false,\"slidenav\":\"default\",\"slidenav_breakpoint\":\"s\",\"slidenav_hover\":true,\"slidenav_margin\":\"\",\"slidenav_outside_breakpoint\":\"xl\",\"slideshow_animation\":\"fade\",\"slideshow_autoplay\":true,\"slideshow_autoplay_interval\":\"5\",\"slideshow_autoplay_pause\":true,\"slideshow_height\":\"percent\",\"slideshow_kenburns\":\"center-center\",\"slideshow_kenburns_duration\":\"1\",\"slideshow_min_height\":300,\"thumbnav_height\":\"75\",\"thumbnav_svg_color\":\"emphasis\",\"thumbnav_width\":\"100\",\"title_element\":\"h3\"},\"children\":[{\"type\":\"slideshow_item\",\"props\":{\"content\":\"\",\"image\":\"wp-content\\\/uploads\\\/190417a_Brochure_g-eos_En.jpg\",\"image_alt\":\"G-EOS\",\"link\":\"en\\\/g-eos\\\/\",\"meta\":\"\",\"title\":\"G-EO<em><small>S<\\\/small><\\\/em>\"}},{\"type\":\"slideshow_item\",\"props\":{\"image\":\"wp-content\\\/uploads\\\/rehatechnology_g-eol_hero.jpg\",\"image_alt\":\"G-EOL\",\"title\":\"G-EO<em><small>L<\\\/small><\\\/em>\"}},{\"type\":\"slideshow_item\",\"props\":{\"image\":\"wp-content\\\/uploads\\\/G-EO-System-adult-2.jpg\",\"image_alt\":\"G-EO System\",\"link\":\"en\\\/g-eo-system\\\/\",\"title\":\"G-EO System\"}}]}]}]},{\"type\":\"row\",\"props\":{\"column_gap\":\"collapse\",\"margin\":\"remove-vertical\",\"row_gap\":\"collapse\"},\"children\":[{\"type\":\"column\",\"props\":{\"image_position\":\"center-center\",\"image_size\":\"cover\",\"padding\":\"small\",\"position_sticky_breakpoint\":\"m\",\"style\":\"tile-primary\",\"width_medium\":\"1-1\"},\"children\":[{\"type\":\"headline\",\"props\":{\"content\":\"Willkommen bei Reha Technology\",\"margin_remove_top\":false,\"title_element\":\"h2\"}}]}]}]},{\"type\":\"section\",\"props\":{\"animation\":\"slide-left-small\",\"animation_delay\":\"200\",\"id\":\"start\",\"image_effect\":\"parallax\",\"image_parallax_bgx\":\"-80,-80\",\"image_parallax_bgy\":\"80,400\",\"image_parallax_easing\":\"1\",\"image_position\":\"top-left\",\"media_visibility\":\"s\",\"style\":\"default\",\"title_breakpoint\":\"xl\",\"title_position\":\"top-left\",\"title_rotation\":\"left\",\"vertical_align\":\"middle\",\"width\":\"large\"},\"children\":[{\"type\":\"row\",\"props\":{\"column_gap\":\"large\",\"row_gap\":\"large\"},\"children\":[{\"type\":\"column\",\"props\":{\"image_position\":\"center-center\",\"position_sticky_breakpoint\":\"m\",\"width_large\":\"1-1\"},\"children\":[{\"type\":\"headline\",\"props\":{\"content\":\"Reha Technology \\u2013 <br \\\/>Leidenschaft in der robotergest\\u00fctzten Gangtherapie\",\"margin\":\"remove-vertical\",\"maxwidth\":\"2xlarge\",\"title_element\":\"h1\"}}]}]},{\"type\":\"row\",\"children\":[{\"type\":\"column\",\"props\":{\"image_position\":\"center-center\",\"position_sticky_breakpoint\":\"m\",\"width_small\":\"1-1\"},\"children\":[{\"type\":\"text\",\"props\":{\"column_breakpoint\":\"m\",\"content\":\"Reha Technology ist ein f\\u00fchrendes Unternehmen in modernen medizinischen robotergest\\u00fctzten Technologien f\\u00fcr die Rehabilitation von neurologischen Bewegungsst\\u00f6rungen der oberen und unteren Extremit\\u00e4ten.\",\"margin\":\"default\",\"maxwidth\":\"2xlarge\",\"text_style\":\"lead\"}},{\"type\":\"text\",\"props\":{\"column_breakpoint\":\"m\",\"content\":\"Die robotergest\\u00fctzten Therapiesysteme von Reha Technology maximieren die funktionellen klinischen Erfolge bei erwachsenen und p\\u00e4diatrischen Patienten mit neurologischen Beeintr\\u00e4chtigungen infolge von Schlaganfall, Sch\\u00e4del-Hirn-Traumata, R\\u00fcckenmarksverletzungen, infantiler Zerebralparese (ICP), Morbus Parkinson und anderen neurologisch bedingten Bewegungsst\\u00f6rungen.\",\"margin\":\"default\",\"maxwidth\":\"2xlarge\"}}]}]}]},{\"type\":\"section\",\"props\":{\"animation\":\"slide-left-small\",\"animation_delay\":\"200\",\"image_position\":\"center-center\",\"padding_remove_bottom\":false,\"padding_remove_top\":false,\"style\":\"default\",\"title_breakpoint\":\"xl\",\"title_position\":\"top-left\",\"title_rotation\":\"left\",\"vertical_align\":\"\",\"width\":\"\",\"width_expand\":\"left\"},\"children\":[{\"type\":\"row\",\"props\":{\"margin\":\"xlarge\"},\"children\":[{\"type\":\"column\",\"props\":{\"image_position\":\"center-center\",\"position_sticky_breakpoint\":\"m\",\"width_medium\":\"1-1\"},\"children\":[{\"type\":\"headline\",\"props\":{\"content\":\"Unser Produktportfolio auf einen Blick.\",\"parallax_breakpoint\":\"m\",\"parallax_y\":\"0,-75\",\"text_align\":\"center\",\"title_element\":\"h1\",\"title_style\":\"heading-small\"}}]}]},{\"type\":\"row\",\"props\":{\"layout\":\"2-3,1-3\",\"width\":\"large\"},\"children\":[{\"type\":\"column\",\"props\":{\"image_position\":\"center-center\",\"position_sticky_breakpoint\":\"m\",\"width_medium\":\"2-3\"},\"children\":[{\"type\":\"image\",\"props\":{\"container_padding_remove\":true,\"image\":\"wp-content\\\/uploads\\\/190417a_Brochure_g-eos_En.jpg\",\"image_alt\":\"G-EOS\",\"image_svg_color\":\"emphasis\",\"link\":\"de\\\/g-eos\\\/\",\"margin\":\"\",\"parallax_easing\":\"0.3\",\"parallax_end\":\"20vh + 20%\",\"parallax_x\":\"-50,0\"}}]},{\"type\":\"column\",\"props\":{\"image_position\":\"center-center\",\"position_sticky_breakpoint\":\"m\",\"style\":\"tile-muted\",\"vertical_align\":\"middle\",\"width_medium\":\"1-3\"},\"children\":[{\"type\":\"headline\",\"props\":{\"content\":\"<strong>G-EO<small><em><span style=\\\"color: #233a64;\\\">S<\\\/span><\\\/em><\\\/small><\\\/strong>\",\"link\":\"de\\\/g-eos\\\/\",\"margin_remove_top\":true,\"parallax_end\":\"60vh + 60%\",\"parallax_y\":\"0,-50\",\"text_align\":\"left\",\"text_align_breakpoint\":\"m\",\"text_align_fallback\":\"center\",\"title_element\":\"h2\",\"title_style\":\"h1\"}},{\"type\":\"divider\",\"props\":{\"divider_align\":\"left\",\"divider_align_breakpoint\":\"m\",\"divider_align_fallback\":\"center\",\"divider_element\":\"div\",\"divider_style\":\"small\",\"parallax_x\":\"150,0\"}},{\"type\":\"text\",\"props\":{\"column_breakpoint\":\"m\",\"content\":\"\n\n<p>Das Top-Modell mit 6 verschiedenen Gangaktivit\\u00e4ten zur alltagsorientierten und leistungsbezogenen Therapie.<\\\/p>\",\"margin\":\"medium\",\"margin_remove_top\":false,\"maxwidth\":\"xlarge\",\"maxwidth_breakpoint\":\"m\",\"parallax_breakpoint\":\"m\",\"parallax_easing\":\"0.3\",\"parallax_end\":\"50vh + 50%\",\"parallax_opacity\":\"0.7,1\",\"parallax_x\":\"-150,0\",\"text_align\":\"left\",\"text_align_breakpoint\":\"m\",\"text_align_fallback\":\"center\"}},{\"type\":\"button\",\"props\":{\"grid_column_gap\":\"small\",\"grid_row_gap\":\"small\",\"margin\":\"\",\"parallax_easing\":\"0.3\",\"parallax_x\":\"150,0\",\"text_align\":\"left\",\"text_align_breakpoint\":\"m\",\"text_align_fallback\":\"center\"},\"children\":[{\"type\":\"button_item\",\"props\":{\"button_style\":\"text\",\"content\":\"Details\",\"icon_align\":\"left\",\"link\":\"de\\\/g-eos\\\/\"}}]}]}]},{\"type\":\"row\",\"props\":{\"layout\":\"2-3,1-3\",\"width\":\"large\"},\"children\":[{\"type\":\"column\",\"props\":{\"image_position\":\"center-center\",\"position_sticky_breakpoint\":\"m\",\"width_medium\":\"2-3\"},\"children\":[{\"type\":\"image\",\"props\":{\"container_padding_remove\":true,\"image\":\"wp-content\\\/uploads\\\/rehatechnology_g-eol_hero.jpg\",\"image_alt\":\"G-EOL\",\"image_svg_color\":\"emphasis\",\"link\":\"de\\\/g-eol\\\/\",\"margin\":\"\",\"parallax_easing\":\"0.3\",\"parallax_end\":\"20vh + 20%\",\"parallax_x\":\"-50,0\"}}]},{\"type\":\"column\",\"props\":{\"image_position\":\"center-center\",\"order_first\":\"m\",\"position_sticky_breakpoint\":\"m\",\"style\":\"tile-muted\",\"vertical_align\":\"middle\",\"width_medium\":\"1-3\"},\"children\":[{\"type\":\"headline\",\"props\":{\"content\":\"<strong>G-EO<small><em><span style=\\\"color: #233a64;\\\">L<\\\/span><\\\/em><\\\/small><\\\/strong>\",\"link\":\"de\\\/g-eol\\\/\",\"margin_remove_top\":true,\"parallax_end\":\"60vh + 60%\",\"parallax_y\":\"0,-50\",\"text_align\":\"left\",\"text_align_breakpoint\":\"m\",\"text_align_fallback\":\"center\",\"title_element\":\"h2\",\"title_style\":\"h1\"}},{\"type\":\"divider\",\"props\":{\"divider_align\":\"left\",\"divider_align_breakpoint\":\"m\",\"divider_align_fallback\":\"center\",\"divider_element\":\"div\",\"divider_style\":\"small\",\"parallax_x\":\"150,0\"}},{\"type\":\"text\",\"props\":{\"column_breakpoint\":\"m\",\"content\":\"Das Einstiegsmodell zur nachaltigen End-Effektor-basierten Gangtherapie.\",\"margin\":\"medium\",\"margin_remove_top\":false,\"maxwidth\":\"xlarge\",\"maxwidth_breakpoint\":\"m\",\"parallax_easing\":\"0.3\",\"parallax_x\":\"150,0\",\"text_align\":\"left\",\"text_align_breakpoint\":\"m\",\"text_align_fallback\":\"center\"}},{\"type\":\"button\",\"props\":{\"grid_column_gap\":\"small\",\"grid_row_gap\":\"small\",\"margin\":\"\",\"parallax_easing\":\"0.3\",\"parallax_x\":\"150,0\",\"text_align\":\"left\",\"text_align_breakpoint\":\"m\",\"text_align_fallback\":\"center\"},\"children\":[{\"type\":\"button_item\",\"props\":{\"button_style\":\"text\",\"content\":\"Details\",\"icon_align\":\"left\",\"link\":\"de\\\/g-eol\\\/\"}}]}]}]},{\"type\":\"row\",\"props\":{\"layout\":\"2-3,1-3\",\"width\":\"large\"},\"children\":[{\"type\":\"column\",\"props\":{\"image_position\":\"center-center\",\"position_sticky_breakpoint\":\"m\",\"width_medium\":\"2-3\"}},{\"type\":\"column\",\"props\":{\"image_position\":\"center-center\",\"position_sticky_breakpoint\":\"m\",\"style\":\"tile-muted\",\"vertical_align\":\"middle\",\"width_medium\":\"1-3\"}}]}]}],\"version\":\"4.2.12\"} --><\/p>\n","protected":false},"excerpt":{"rendered":"<p>Compo_GEOS_008_190606a_web Willkommen bei Reha Technology G-EOS Details G-EOL G-EO System Details Willkommen bei Reha Technology Reha Technology \u2013 Leidenschaft in der robotergest\u00fctzten Gangtherapie Reha Technology ist ein f\u00fchrendes Unternehmen in modernen medizinischen robotergest\u00fctzten Technologien f\u00fcr die Rehabilitation von neurologischen Bewegungsst\u00f6rungen der oberen und unteren Extremit\u00e4ten. Die robotergest\u00fctzten Therapiesysteme von Reha Technology maximieren die funktionellen klinischen [&hellip;]<\/p>\n","protected":false},"author":2,"featured_media":0,"parent":0,"menu_order":0,"comment_status":"closed","ping_status":"closed","template":"","meta":{"footnotes":""},"yoast_head":"<!-- This site is optimized with the Yoast SEO plugin v24.5 - https:\/\/yoast.com\/wordpress\/plugins\/seo\/ -->\n<title>Reha Technology &#8211; Leidenschaft in der robotergest\u00fctzten Gangtherapie<\/title>\n<meta name=\"description\" content=\"Reha Technology ist ein f\u00fchrendes Unternehmen in modernen medizinischen robotergest\u00fctzten Technologien f\u00fcr die Rehabilitation von neurologischen Bewegungsst\u00f6rungen der oberen und unteren Extremit\u00e4ten.\" \/>\n<meta name=\"robots\" content=\"index, follow, max-snippet:-1, max-image-preview:large, max-video-preview:-1\" \/>\n<link rel=\"canonical\" href=\"https:\/\/www.rehatechnology.com\/de\/\" \/>\n<meta property=\"og:locale\" content=\"de_DE\" \/>\n<meta property=\"og:type\" content=\"article\" \/>\n<meta property=\"og:title\" content=\"Reha Technology &#8211; Leidenschaft in der robotergest\u00fctzten Gangtherapie\" \/>\n<meta property=\"og:description\" content=\"Reha Technology ist ein f\u00fchrendes Unternehmen in modernen medizinischen robotergest\u00fctzten Technologien f\u00fcr die Rehabilitation von neurologischen Bewegungsst\u00f6rungen der oberen und unteren Extremit\u00e4ten.\" \/>\n<meta property=\"og:url\" content=\"https:\/\/www.rehatechnology.com\/de\/\" \/>\n<meta property=\"og:site_name\" content=\"Reha Technology\" \/>\n<meta property=\"article:publisher\" content=\"https:\/\/www.facebook.com\/rehatechnology\/\" \/>\n<meta property=\"article:modified_time\" content=\"2025-10-06T10:12:17+00:00\" \/>\n<meta name=\"twitter:card\" content=\"summary_large_image\" \/>\n<meta name=\"twitter:site\" content=\"@rehatechnology\" \/>\n<meta name=\"twitter:label1\" content=\"Gesch\u00e4tzte Lesezeit\" \/>\n\t<meta name=\"twitter:data1\" content=\"3\u00a0Minuten\" \/>\n<script type=\"application\/ld+json\" class=\"yoast-schema-graph\">{\"@context\":\"https:\/\/schema.org\",\"@graph\":[{\"@type\":\"WebPage\",\"@id\":\"https:\/\/www.rehatechnology.com\/de\/\",\"url\":\"https:\/\/www.rehatechnology.com\/de\/\",\"name\":\"Reha Technology &#8211; Leidenschaft in der robotergest\u00fctzten Gangtherapie\",\"isPartOf\":{\"@id\":\"https:\/\/www.rehatechnology.com\/de\/#website\"},\"datePublished\":\"2019-04-24T12:34:35+00:00\",\"dateModified\":\"2025-10-06T10:12:17+00:00\",\"description\":\"Reha Technology ist ein f\u00fchrendes Unternehmen in modernen medizinischen robotergest\u00fctzten Technologien f\u00fcr die Rehabilitation von neurologischen Bewegungsst\u00f6rungen der oberen und unteren Extremit\u00e4ten.\",\"breadcrumb\":{\"@id\":\"https:\/\/www.rehatechnology.com\/de\/#breadcrumb\"},\"inLanguage\":\"de\",\"potentialAction\":[{\"@type\":\"ReadAction\",\"target\":[\"https:\/\/www.rehatechnology.com\/de\/\"]}]},{\"@type\":\"BreadcrumbList\",\"@id\":\"https:\/\/www.rehatechnology.com\/de\/#breadcrumb\",\"itemListElement\":[{\"@type\":\"ListItem\",\"position\":1,\"name\":\"Startseite\",\"item\":\"https:\/\/www.rehatechnology.com\/de\/\"},{\"@type\":\"ListItem\",\"position\":2,\"name\":\"Home\"}]},{\"@type\":\"WebSite\",\"@id\":\"https:\/\/www.rehatechnology.com\/de\/#website\",\"url\":\"https:\/\/www.rehatechnology.com\/de\/\",\"name\":\"Reha Technology\",\"description\":\"\",\"publisher\":{\"@id\":\"https:\/\/www.rehatechnology.com\/de\/#organization\"},\"potentialAction\":[{\"@type\":\"SearchAction\",\"target\":{\"@type\":\"EntryPoint\",\"urlTemplate\":\"https:\/\/www.rehatechnology.com\/de\/?s={search_term_string}\"},\"query-input\":{\"@type\":\"PropertyValueSpecification\",\"valueRequired\":true,\"valueName\":\"search_term_string\"}}],\"inLanguage\":\"de\"},{\"@type\":\"Organization\",\"@id\":\"https:\/\/www.rehatechnology.com\/de\/#organization\",\"name\":\"Reha Technology\",\"url\":\"https:\/\/www.rehatechnology.com\/de\/\",\"logo\":{\"@type\":\"ImageObject\",\"inLanguage\":\"de\",\"@id\":\"https:\/\/www.rehatechnology.com\/de\/#\/schema\/logo\/image\/\",\"url\":\"https:\/\/www.rehatechnology.com\/wp-content\/uploads\/logo_reha_technology.svg\",\"contentUrl\":\"https:\/\/www.rehatechnology.com\/wp-content\/uploads\/logo_reha_technology.svg\",\"width\":1,\"height\":1,\"caption\":\"Reha Technology\"},\"image\":{\"@id\":\"https:\/\/www.rehatechnology.com\/de\/#\/schema\/logo\/image\/\"},\"sameAs\":[\"https:\/\/www.facebook.com\/rehatechnology\/\",\"https:\/\/x.com\/rehatechnology\",\"https:\/\/ch.linkedin.com\/company\/reha-technology-ag\",\"https:\/\/www.youtube.com\/user\/rehatechnology\"]}]}<\/script>\n<!-- \/ Yoast SEO plugin. -->","yoast_head_json":{"title":"Reha Technology &#8211; Leidenschaft in der robotergest\u00fctzten Gangtherapie","description":"Reha Technology ist ein f\u00fchrendes Unternehmen in modernen medizinischen robotergest\u00fctzten Technologien f\u00fcr die Rehabilitation von neurologischen Bewegungsst\u00f6rungen der oberen und unteren Extremit\u00e4ten.","robots":{"index":"index","follow":"follow","max-snippet":"max-snippet:-1","max-image-preview":"max-image-preview:large","max-video-preview":"max-video-preview:-1"},"canonical":"https:\/\/www.rehatechnology.com\/de\/","og_locale":"de_DE","og_type":"article","og_title":"Reha Technology &#8211; Leidenschaft in der robotergest\u00fctzten Gangtherapie","og_description":"Reha Technology ist ein f\u00fchrendes Unternehmen in modernen medizinischen robotergest\u00fctzten Technologien f\u00fcr die Rehabilitation von neurologischen Bewegungsst\u00f6rungen der oberen und unteren Extremit\u00e4ten.","og_url":"https:\/\/www.rehatechnology.com\/de\/","og_site_name":"Reha Technology","article_publisher":"https:\/\/www.facebook.com\/rehatechnology\/","article_modified_time":"2025-10-06T10:12:17+00:00","twitter_card":"summary_large_image","twitter_site":"@rehatechnology","twitter_misc":{"Gesch\u00e4tzte Lesezeit":"3\u00a0Minuten"},"schema":{"@context":"https:\/\/schema.org","@graph":[{"@type":"WebPage","@id":"https:\/\/www.rehatechnology.com\/de\/","url":"https:\/\/www.rehatechnology.com\/de\/","name":"Reha Technology &#8211; Leidenschaft in der robotergest\u00fctzten Gangtherapie","isPartOf":{"@id":"https:\/\/www.rehatechnology.com\/de\/#website"},"datePublished":"2019-04-24T12:34:35+00:00","dateModified":"2025-10-06T10:12:17+00:00","description":"Reha Technology ist ein f\u00fchrendes Unternehmen in modernen medizinischen robotergest\u00fctzten Technologien f\u00fcr die Rehabilitation von neurologischen Bewegungsst\u00f6rungen der oberen und unteren Extremit\u00e4ten.","breadcrumb":{"@id":"https:\/\/www.rehatechnology.com\/de\/#breadcrumb"},"inLanguage":"de","potentialAction":[{"@type":"ReadAction","target":["https:\/\/www.rehatechnology.com\/de\/"]}]},{"@type":"BreadcrumbList","@id":"https:\/\/www.rehatechnology.com\/de\/#breadcrumb","itemListElement":[{"@type":"ListItem","position":1,"name":"Startseite","item":"https:\/\/www.rehatechnology.com\/de\/"},{"@type":"ListItem","position":2,"name":"Home"}]},{"@type":"WebSite","@id":"https:\/\/www.rehatechnology.com\/de\/#website","url":"https:\/\/www.rehatechnology.com\/de\/","name":"Reha Technology","description":"","publisher":{"@id":"https:\/\/www.rehatechnology.com\/de\/#organization"},"potentialAction":[{"@type":"SearchAction","target":{"@type":"EntryPoint","urlTemplate":"https:\/\/www.rehatechnology.com\/de\/?s={search_term_string}"},"query-input":{"@type":"PropertyValueSpecification","valueRequired":true,"valueName":"search_term_string"}}],"inLanguage":"de"},{"@type":"Organization","@id":"https:\/\/www.rehatechnology.com\/de\/#organization","name":"Reha Technology","url":"https:\/\/www.rehatechnology.com\/de\/","logo":{"@type":"ImageObject","inLanguage":"de","@id":"https:\/\/www.rehatechnology.com\/de\/#\/schema\/logo\/image\/","url":"https:\/\/www.rehatechnology.com\/wp-content\/uploads\/logo_reha_technology.svg","contentUrl":"https:\/\/www.rehatechnology.com\/wp-content\/uploads\/logo_reha_technology.svg","width":1,"height":1,"caption":"Reha Technology"},"image":{"@id":"https:\/\/www.rehatechnology.com\/de\/#\/schema\/logo\/image\/"},"sameAs":["https:\/\/www.facebook.com\/rehatechnology\/","https:\/\/x.com\/rehatechnology","https:\/\/ch.linkedin.com\/company\/reha-technology-ag","https:\/\/www.youtube.com\/user\/rehatechnology"]}]}},"_links":{"self":[{"href":"https:\/\/www.rehatechnology.com\/de\/wp-json\/wp\/v2\/pages\/1284"}],"collection":[{"href":"https:\/\/www.rehatechnology.com\/de\/wp-json\/wp\/v2\/pages"}],"about":[{"href":"https:\/\/www.rehatechnology.com\/de\/wp-json\/wp\/v2\/types\/page"}],"author":[{"embeddable":true,"href":"https:\/\/www.rehatechnology.com\/de\/wp-json\/wp\/v2\/users\/2"}],"replies":[{"embeddable":true,"href":"https:\/\/www.rehatechnology.com\/de\/wp-json\/wp\/v2\/comments?post=1284"}],"version-history":[{"count":21,"href":"https:\/\/www.rehatechnology.com\/de\/wp-json\/wp\/v2\/pages\/1284\/revisions"}],"predecessor-version":[{"id":4045,"href":"https:\/\/www.rehatechnology.com\/de\/wp-json\/wp\/v2\/pages\/1284\/revisions\/4045"}],"wp:attachment":[{"href":"https:\/\/www.rehatechnology.com\/de\/wp-json\/wp\/v2\/media?parent=1284"}],"curies":[{"name":"wp","href":"https:\/\/api.w.org\/{rel}","templated":true}]}}