{"id":1294,"date":"2019-04-24T14:52:10","date_gmt":"2019-04-24T12:52:10","guid":{"rendered":"https:\/\/www.rehatechnology.com\/new?page_id=1294"},"modified":"2025-10-06T16:33:15","modified_gmt":"2025-10-06T14:33:15","slug":"impressum","status":"publish","type":"page","link":"https:\/\/www.rehatechnology.com\/de\/impressum\/","title":{"rendered":"Impressum"},"content":{"rendered":"<h1>Impressum<\/h1>\n<h1>Rechtliche Hinweise<\/h1>\n<div>\n<p>Bitte lesen Sie die nachfolgenden Bedingungen aufmerksam durch, bevor Sie diese Website nutzen. Personen, welche diese Website abrufen, erkl\u00e4ren sich mit diesen Bedingungen einverstanden. Alle auf dieser Website angebotenen Informationen und Dienstleistungen sind unverbindlich und freibleibend. Wir behalten uns vor, das Angebot auf dieser Website jederzeit und ohne vorherige Ank\u00fcndigung zu l\u00f6schen, zu \u00e4ndern oder zu erg\u00e4nzen.<\/p>\n<p>Wir sind bestrebt, stets aktuelle und korrekte Informationen zur Verf\u00fcgung zu stellen. Dennoch kann keine Garantie f\u00fcr die Vollst\u00e4ndigkeit, Aktualit\u00e4t oder Richtigkeit der dargestellten Informationen \u00fcbernommen werden. Links von dieser Website zu Websites Dritter werden nur aus Gr\u00fcnden der Benutzerfreundlichkeit angeboten. Trotz sorgf\u00e4ltiger inhaltlicher Pr\u00fcfung \u00fcbernehmen wir keine Haftung f\u00fcr die Inhalte dieser Links. F\u00fcr den Inhalt der verlinkten Seiten sind ausschliesslich deren Betreiber verantwortlich.<\/p>\n<p>Der Schutz Ihrer Privatsph\u00e4re und namentlich der Datenschutz sind uns wichtig. Bei der Bearbeitung von Personendaten halten wir uns an das schweizerische Datenschutz- und Fernmelderecht. Die Eingabe und \u00dcbermittlung personenbezogener oder gesch\u00e4ftlicher Daten an uns erfolgt seitens des Nutzers auf ausdr\u00fccklich freiwilliger Basis.<\/p>\n<\/div>\n<p><!--more--><br \/>\n<!-- {\"type\":\"layout\",\"children\":[{\"type\":\"section\",\"props\":{\"animation\":\"fade\",\"image_position\":\"center-center\",\"style\":\"default\",\"title_breakpoint\":\"xl\",\"title_position\":\"top-left\",\"title_rotation\":\"left\",\"vertical_align\":\"middle\",\"width\":\"small\"},\"children\":[{\"type\":\"row\",\"children\":[{\"type\":\"column\",\"props\":{\"image_position\":\"center-center\",\"position_sticky_breakpoint\":\"m\",\"width_medium\":\"1-1\"},\"children\":[{\"type\":\"headline\",\"props\":{\"content\":\"Impressum\",\"title_element\":\"h1\"}},{\"type\":\"text\",\"props\":{\"column_breakpoint\":\"m\",\"content\":\"\",\"margin\":\"default\"}},{\"type\":\"headline\",\"props\":{\"content\":\"Rechtliche Hinweise\",\"title_element\":\"h1\"}},{\"type\":\"text\",\"props\":{\"column_breakpoint\":\"m\",\"content\":\"\n\n<p>Bitte lesen Sie die nachfolgenden Bedingungen aufmerksam durch, bevor Sie diese Website nutzen. Personen, welche diese Website abrufen, erkl\\u00e4ren sich mit diesen Bedingungen einverstanden. Alle auf dieser Website angebotenen Informationen und Dienstleistungen sind unverbindlich und freibleibend. Wir behalten uns vor, das Angebot auf dieser Website jederzeit und ohne vorherige Ank\\u00fcndigung zu l\\u00f6schen, zu \\u00e4ndern oder zu erg\\u00e4nzen.<\\\/p>\\n\n\n<p>Wir sind bestrebt, stets aktuelle und korrekte Informationen zur Verf\\u00fcgung zu stellen. Dennoch kann keine Garantie f\\u00fcr die Vollst\\u00e4ndigkeit, Aktualit\\u00e4t oder Richtigkeit der dargestellten Informationen \\u00fcbernommen werden. Links von dieser Website zu Websites Dritter werden nur aus Gr\\u00fcnden der Benutzerfreundlichkeit angeboten. Trotz sorgf\\u00e4ltiger inhaltlicher Pr\\u00fcfung \\u00fcbernehmen wir keine Haftung f\\u00fcr die Inhalte dieser Links. F\\u00fcr den Inhalt der verlinkten Seiten sind ausschliesslich deren Betreiber verantwortlich.<\\\/p>\\n\n\n<p>Der Schutz Ihrer Privatsph\\u00e4re und namentlich der Datenschutz sind uns wichtig. Bei der Bearbeitung von Personendaten halten wir uns an das schweizerische Datenschutz- und Fernmelderecht. Die Eingabe und \\u00dcbermittlung personenbezogener oder gesch\\u00e4ftlicher Daten an uns erfolgt seitens des Nutzers auf ausdr\\u00fccklich freiwilliger Basis.<\\\/p>\",\"margin\":\"default\"}}]}]}]}],\"version\":\"4.2.12\"} --><\/p>\n","protected":false},"excerpt":{"rendered":"<p>Impressum Rechtliche Hinweise Bitte lesen Sie die nachfolgenden Bedingungen aufmerksam durch, bevor Sie diese Website nutzen. Personen, welche diese Website abrufen, erkl\u00e4ren sich mit diesen Bedingungen einverstanden. Alle auf dieser Website angebotenen Informationen und Dienstleistungen sind unverbindlich und freibleibend. Wir behalten uns vor, das Angebot auf dieser Website jederzeit und ohne vorherige Ank\u00fcndigung zu l\u00f6schen, [&hellip;]<\/p>\n","protected":false},"author":2,"featured_media":0,"parent":0,"menu_order":11,"comment_status":"closed","ping_status":"closed","template":"","meta":{"footnotes":""},"yoast_head":"<!-- This site is optimized with the Yoast SEO plugin v24.5 - https:\/\/yoast.com\/wordpress\/plugins\/seo\/ -->\n<title>Impressum &#8211; Reha Technology<\/title>\n<meta name=\"robots\" content=\"index, follow, max-snippet:-1, max-image-preview:large, max-video-preview:-1\" \/>\n<link rel=\"canonical\" href=\"https:\/\/www.rehatechnology.com\/de\/impressum\/\" \/>\n<meta property=\"og:locale\" content=\"de_DE\" \/>\n<meta property=\"og:type\" content=\"article\" \/>\n<meta property=\"og:title\" content=\"Impressum &#8211; Reha Technology\" \/>\n<meta property=\"og:description\" content=\"Impressum Rechtliche Hinweise Bitte lesen Sie die nachfolgenden Bedingungen aufmerksam durch, bevor Sie diese Website nutzen. Personen, welche diese Website abrufen, erkl\u00e4ren sich mit diesen Bedingungen einverstanden. Alle auf dieser Website angebotenen Informationen und Dienstleistungen sind unverbindlich und freibleibend. Wir behalten uns vor, das Angebot auf dieser Website jederzeit und ohne vorherige Ank\u00fcndigung zu l\u00f6schen, [&hellip;]\" \/>\n<meta property=\"og:url\" content=\"https:\/\/www.rehatechnology.com\/de\/impressum\/\" \/>\n<meta property=\"og:site_name\" content=\"Reha Technology\" \/>\n<meta property=\"article:publisher\" content=\"https:\/\/www.facebook.com\/rehatechnology\/\" \/>\n<meta property=\"article:modified_time\" content=\"2025-10-06T14:33:15+00:00\" \/>\n<meta name=\"twitter:card\" content=\"summary_large_image\" \/>\n<meta name=\"twitter:site\" content=\"@rehatechnology\" \/>\n<meta name=\"twitter:label1\" content=\"Gesch\u00e4tzte Lesezeit\" \/>\n\t<meta name=\"twitter:data1\" content=\"1\u00a0Minute\" \/>\n<script type=\"application\/ld+json\" class=\"yoast-schema-graph\">{\"@context\":\"https:\/\/schema.org\",\"@graph\":[{\"@type\":\"WebPage\",\"@id\":\"https:\/\/www.rehatechnology.com\/de\/impressum\/\",\"url\":\"https:\/\/www.rehatechnology.com\/de\/impressum\/\",\"name\":\"Impressum &#8211; Reha Technology\",\"isPartOf\":{\"@id\":\"https:\/\/www.rehatechnology.com\/de\/#website\"},\"datePublished\":\"2019-04-24T12:52:10+00:00\",\"dateModified\":\"2025-10-06T14:33:15+00:00\",\"breadcrumb\":{\"@id\":\"https:\/\/www.rehatechnology.com\/de\/impressum\/#breadcrumb\"},\"inLanguage\":\"de\",\"potentialAction\":[{\"@type\":\"ReadAction\",\"target\":[\"https:\/\/www.rehatechnology.com\/de\/impressum\/\"]}]},{\"@type\":\"BreadcrumbList\",\"@id\":\"https:\/\/www.rehatechnology.com\/de\/impressum\/#breadcrumb\",\"itemListElement\":[{\"@type\":\"ListItem\",\"position\":1,\"name\":\"Startseite\",\"item\":\"https:\/\/www.rehatechnology.com\/de\/\"},{\"@type\":\"ListItem\",\"position\":2,\"name\":\"Impressum\"}]},{\"@type\":\"WebSite\",\"@id\":\"https:\/\/www.rehatechnology.com\/de\/#website\",\"url\":\"https:\/\/www.rehatechnology.com\/de\/\",\"name\":\"Reha Technology\",\"description\":\"\",\"publisher\":{\"@id\":\"https:\/\/www.rehatechnology.com\/de\/#organization\"},\"potentialAction\":[{\"@type\":\"SearchAction\",\"target\":{\"@type\":\"EntryPoint\",\"urlTemplate\":\"https:\/\/www.rehatechnology.com\/de\/?s={search_term_string}\"},\"query-input\":{\"@type\":\"PropertyValueSpecification\",\"valueRequired\":true,\"valueName\":\"search_term_string\"}}],\"inLanguage\":\"de\"},{\"@type\":\"Organization\",\"@id\":\"https:\/\/www.rehatechnology.com\/de\/#organization\",\"name\":\"Reha Technology\",\"url\":\"https:\/\/www.rehatechnology.com\/de\/\",\"logo\":{\"@type\":\"ImageObject\",\"inLanguage\":\"de\",\"@id\":\"https:\/\/www.rehatechnology.com\/de\/#\/schema\/logo\/image\/\",\"url\":\"https:\/\/www.rehatechnology.com\/wp-content\/uploads\/logo_reha_technology.svg\",\"contentUrl\":\"https:\/\/www.rehatechnology.com\/wp-content\/uploads\/logo_reha_technology.svg\",\"width\":1,\"height\":1,\"caption\":\"Reha Technology\"},\"image\":{\"@id\":\"https:\/\/www.rehatechnology.com\/de\/#\/schema\/logo\/image\/\"},\"sameAs\":[\"https:\/\/www.facebook.com\/rehatechnology\/\",\"https:\/\/x.com\/rehatechnology\",\"https:\/\/ch.linkedin.com\/company\/reha-technology-ag\",\"https:\/\/www.youtube.com\/user\/rehatechnology\"]}]}<\/script>\n<!-- \/ Yoast SEO plugin. -->","yoast_head_json":{"title":"Impressum &#8211; Reha Technology","robots":{"index":"index","follow":"follow","max-snippet":"max-snippet:-1","max-image-preview":"max-image-preview:large","max-video-preview":"max-video-preview:-1"},"canonical":"https:\/\/www.rehatechnology.com\/de\/impressum\/","og_locale":"de_DE","og_type":"article","og_title":"Impressum &#8211; Reha Technology","og_description":"Impressum Rechtliche Hinweise Bitte lesen Sie die nachfolgenden Bedingungen aufmerksam durch, bevor Sie diese Website nutzen. Personen, welche diese Website abrufen, erkl\u00e4ren sich mit diesen Bedingungen einverstanden. Alle auf dieser Website angebotenen Informationen und Dienstleistungen sind unverbindlich und freibleibend. Wir behalten uns vor, das Angebot auf dieser Website jederzeit und ohne vorherige Ank\u00fcndigung zu l\u00f6schen, [&hellip;]","og_url":"https:\/\/www.rehatechnology.com\/de\/impressum\/","og_site_name":"Reha Technology","article_publisher":"https:\/\/www.facebook.com\/rehatechnology\/","article_modified_time":"2025-10-06T14:33:15+00:00","twitter_card":"summary_large_image","twitter_site":"@rehatechnology","twitter_misc":{"Gesch\u00e4tzte Lesezeit":"1\u00a0Minute"},"schema":{"@context":"https:\/\/schema.org","@graph":[{"@type":"WebPage","@id":"https:\/\/www.rehatechnology.com\/de\/impressum\/","url":"https:\/\/www.rehatechnology.com\/de\/impressum\/","name":"Impressum &#8211; Reha Technology","isPartOf":{"@id":"https:\/\/www.rehatechnology.com\/de\/#website"},"datePublished":"2019-04-24T12:52:10+00:00","dateModified":"2025-10-06T14:33:15+00:00","breadcrumb":{"@id":"https:\/\/www.rehatechnology.com\/de\/impressum\/#breadcrumb"},"inLanguage":"de","potentialAction":[{"@type":"ReadAction","target":["https:\/\/www.rehatechnology.com\/de\/impressum\/"]}]},{"@type":"BreadcrumbList","@id":"https:\/\/www.rehatechnology.com\/de\/impressum\/#breadcrumb","itemListElement":[{"@type":"ListItem","position":1,"name":"Startseite","item":"https:\/\/www.rehatechnology.com\/de\/"},{"@type":"ListItem","position":2,"name":"Impressum"}]},{"@type":"WebSite","@id":"https:\/\/www.rehatechnology.com\/de\/#website","url":"https:\/\/www.rehatechnology.com\/de\/","name":"Reha Technology","description":"","publisher":{"@id":"https:\/\/www.rehatechnology.com\/de\/#organization"},"potentialAction":[{"@type":"SearchAction","target":{"@type":"EntryPoint","urlTemplate":"https:\/\/www.rehatechnology.com\/de\/?s={search_term_string}"},"query-input":{"@type":"PropertyValueSpecification","valueRequired":true,"valueName":"search_term_string"}}],"inLanguage":"de"},{"@type":"Organization","@id":"https:\/\/www.rehatechnology.com\/de\/#organization","name":"Reha Technology","url":"https:\/\/www.rehatechnology.com\/de\/","logo":{"@type":"ImageObject","inLanguage":"de","@id":"https:\/\/www.rehatechnology.com\/de\/#\/schema\/logo\/image\/","url":"https:\/\/www.rehatechnology.com\/wp-content\/uploads\/logo_reha_technology.svg","contentUrl":"https:\/\/www.rehatechnology.com\/wp-content\/uploads\/logo_reha_technology.svg","width":1,"height":1,"caption":"Reha Technology"},"image":{"@id":"https:\/\/www.rehatechnology.com\/de\/#\/schema\/logo\/image\/"},"sameAs":["https:\/\/www.facebook.com\/rehatechnology\/","https:\/\/x.com\/rehatechnology","https:\/\/ch.linkedin.com\/company\/reha-technology-ag","https:\/\/www.youtube.com\/user\/rehatechnology"]}]}},"_links":{"self":[{"href":"https:\/\/www.rehatechnology.com\/de\/wp-json\/wp\/v2\/pages\/1294"}],"collection":[{"href":"https:\/\/www.rehatechnology.com\/de\/wp-json\/wp\/v2\/pages"}],"about":[{"href":"https:\/\/www.rehatechnology.com\/de\/wp-json\/wp\/v2\/types\/page"}],"author":[{"embeddable":true,"href":"https:\/\/www.rehatechnology.com\/de\/wp-json\/wp\/v2\/users\/2"}],"replies":[{"embeddable":true,"href":"https:\/\/www.rehatechnology.com\/de\/wp-json\/wp\/v2\/comments?post=1294"}],"version-history":[{"count":1,"href":"https:\/\/www.rehatechnology.com\/de\/wp-json\/wp\/v2\/pages\/1294\/revisions"}],"predecessor-version":[{"id":4048,"href":"https:\/\/www.rehatechnology.com\/de\/wp-json\/wp\/v2\/pages\/1294\/revisions\/4048"}],"wp:attachment":[{"href":"https:\/\/www.rehatechnology.com\/de\/wp-json\/wp\/v2\/media?parent=1294"}],"curies":[{"name":"wp","href":"https:\/\/api.w.org\/{rel}","templated":true}]}}